{"id":1249,"date":"2021-11-15T09:28:36","date_gmt":"2021-11-15T08:28:36","guid":{"rendered":"https:\/\/uat.kosbasket.at\/?page_id=1249"},"modified":"2023-03-08T17:56:39","modified_gmt":"2023-03-08T16:56:39","slug":"fanshop","status":"publish","type":"page","link":"https:\/\/www.kosbasket.at\/de\/fanshop\/","title":{"rendered":"Fanshop"},"content":{"rendered":"\n<h2 class=\"has-text-align-center wp-block-heading\"><mark style=\"background-color:rgba(0, 0, 0, 0)\" class=\"has-inline-color has-central-palette-1-color\"><em><strong>Die <\/strong><\/em><\/mark><em><strong><mark style=\"background-color:rgba(0, 0, 0, 0)\" class=\"has-inline-color has-central-palette-1-color\">&#8222;KO\u0160 Kollektion&#8220; unseres Ausstatters <a rel=\"noreferrer noopener\" href=\"https:\/\/wp-sportswear.at\/\" target=\"_blank\">WP-Sportswear<\/a> <mark style=\"background-color:rgba(0, 0, 0, 0)\" class=\"has-inline-color has-central-palette-1-color\"><strong><em>mit Produkten der Marke <a rel=\"noreferrer noopener\" href=\"https:\/\/www.craftsportswear.com\/global\/\" target=\"_blank\">CRAFT<\/a><\/em><\/strong><\/mark><\/mark><\/strong><\/em><\/h2>\n\n\n\n<div style=\"height:40px\" aria-hidden=\"true\" class=\"wp-block-spacer\"><\/div>\n\n\n\n<p class=\"has-text-align-center\"><mark style=\"background-color:rgba(0, 0, 0, 0)\" class=\"has-inline-color has-black-color\"><strong><a href=\"https:\/\/www.kosbasket.at\/wp-content\/uploads\/2023\/03\/KOS_narocilo-Bestellformular_2023-2.pdf\" target=\"_blank\" rel=\"noreferrer noopener\" download=\"KOS_narocilo-Bestellformular_2023-2\">Download Bestellformular<\/a>   |   <a rel=\"noreferrer noopener\" href=\"https:\/\/www.craftsportswear.com\/global\/customer-service\/size-guide\" target=\"_blank\">Gr\u00f6\u00dfentabelle<\/a><\/strong><\/mark><\/p>\n\n\n\n<div style=\"height:40px\" aria-hidden=\"true\" class=\"wp-block-spacer\"><\/div>\n\n\n\n<p class=\"has-text-align-center\"><strong>Bestellung mit ausgef\u00fclltem* Bestellformular per E-mail an <a rel=\"noreferrer noopener\" href=\"mailto:fanshop@kosbasket.at\" target=\"_blank\">fanshop@kosbasket.at<\/a> <\/strong><\/p>\n\n\n\n<div style=\"height:20px\" aria-hidden=\"true\" class=\"wp-block-spacer\"><\/div>\n\n\n\n<p>*Tipp, mit der Option <em>Ausf\u00fcllen &amp; Unterschreiben<\/em> in Adobe Acrobat l\u00e4sst sich das Bestellformular am PC ausf\u00fcllen und muss nicht ausgedruckt werden.<\/p>\n\n\n\n<div style=\"height:40px\" aria-hidden=\"true\" class=\"wp-block-spacer\"><\/div>\n\n\n\n<figure class=\"wp-block-image size-large\"><a href=\"https:\/\/www.kosbasket.at\/wp-content\/uploads\/2023\/03\/KOS_narocilo-Bestellformular_2023-2.pdf\" target=\"_blank\" rel=\"noreferrer noopener\"><img loading=\"lazy\" decoding=\"async\" width=\"1024\" height=\"723\" src=\"https:\/\/www.kosbasket.at\/wp-content\/uploads\/2023\/03\/KOS_narocilo-Bestellformular_2023-2_1-1024x723.jpg\" alt=\"\" class=\"wp-image-9239\" srcset=\"https:\/\/www.kosbasket.at\/wp-content\/uploads\/2023\/03\/KOS_narocilo-Bestellformular_2023-2_1-1024x723.jpg 1024w, https:\/\/www.kosbasket.at\/wp-content\/uploads\/2023\/03\/KOS_narocilo-Bestellformular_2023-2_1-300x212.jpg 300w, https:\/\/www.kosbasket.at\/wp-content\/uploads\/2023\/03\/KOS_narocilo-Bestellformular_2023-2_1-768x542.jpg 768w, https:\/\/www.kosbasket.at\/wp-content\/uploads\/2023\/03\/KOS_narocilo-Bestellformular_2023-2_1-1536x1084.jpg 1536w, https:\/\/www.kosbasket.at\/wp-content\/uploads\/2023\/03\/KOS_narocilo-Bestellformular_2023-2_1-2048x1445.jpg 2048w, https:\/\/www.kosbasket.at\/wp-content\/uploads\/2023\/03\/KOS_narocilo-Bestellformular_2023-2_1-1568x1106.jpg 1568w\" sizes=\"auto, (max-width: 1024px) 100vw, 1024px\" \/><\/a><\/figure>\n\n\n\n<div style=\"height:40px\" aria-hidden=\"true\" class=\"wp-block-spacer\"><\/div>\n\n\n\n<figure class=\"wp-block-image size-large\"><a href=\"https:\/\/www.kosbasket.at\/wp-content\/uploads\/2023\/03\/KOS_narocilo-Bestellformular_2023-2.pdf\" target=\"_blank\" rel=\"noreferrer noopener\"><img loading=\"lazy\" decoding=\"async\" width=\"1024\" height=\"723\" src=\"https:\/\/www.kosbasket.at\/wp-content\/uploads\/2023\/03\/KOS_narocilo-Bestellformular_2023-2_2-1024x723.jpg\" alt=\"\" class=\"wp-image-9237\" srcset=\"https:\/\/www.kosbasket.at\/wp-content\/uploads\/2023\/03\/KOS_narocilo-Bestellformular_2023-2_2-1024x723.jpg 1024w, https:\/\/www.kosbasket.at\/wp-content\/uploads\/2023\/03\/KOS_narocilo-Bestellformular_2023-2_2-300x212.jpg 300w, https:\/\/www.kosbasket.at\/wp-content\/uploads\/2023\/03\/KOS_narocilo-Bestellformular_2023-2_2-768x542.jpg 768w, https:\/\/www.kosbasket.at\/wp-content\/uploads\/2023\/03\/KOS_narocilo-Bestellformular_2023-2_2-1536x1084.jpg 1536w, https:\/\/www.kosbasket.at\/wp-content\/uploads\/2023\/03\/KOS_narocilo-Bestellformular_2023-2_2-2048x1445.jpg 2048w, https:\/\/www.kosbasket.at\/wp-content\/uploads\/2023\/03\/KOS_narocilo-Bestellformular_2023-2_2-1568x1106.jpg 1568w\" sizes=\"auto, (max-width: 1024px) 100vw, 1024px\" \/><\/a><\/figure>\n\n\n\n<div style=\"height:40px\" aria-hidden=\"true\" class=\"wp-block-spacer\"><\/div>\n\n\n\n<figure class=\"wp-block-image size-large\"><a href=\"https:\/\/www.kosbasket.at\/wp-content\/uploads\/2023\/03\/KOS_narocilo-Bestellformular_2023-2.pdf\" target=\"_blank\" rel=\"noreferrer noopener\"><img loading=\"lazy\" decoding=\"async\" width=\"1024\" height=\"723\" src=\"https:\/\/www.kosbasket.at\/wp-content\/uploads\/2023\/03\/KOS_narocilo-Bestellformular_2023-2_3-1024x723.jpg\" alt=\"\" class=\"wp-image-9241\" srcset=\"https:\/\/www.kosbasket.at\/wp-content\/uploads\/2023\/03\/KOS_narocilo-Bestellformular_2023-2_3-1024x723.jpg 1024w, https:\/\/www.kosbasket.at\/wp-content\/uploads\/2023\/03\/KOS_narocilo-Bestellformular_2023-2_3-300x212.jpg 300w, https:\/\/www.kosbasket.at\/wp-content\/uploads\/2023\/03\/KOS_narocilo-Bestellformular_2023-2_3-768x542.jpg 768w, https:\/\/www.kosbasket.at\/wp-content\/uploads\/2023\/03\/KOS_narocilo-Bestellformular_2023-2_3-1536x1084.jpg 1536w, https:\/\/www.kosbasket.at\/wp-content\/uploads\/2023\/03\/KOS_narocilo-Bestellformular_2023-2_3-2048x1445.jpg 2048w, https:\/\/www.kosbasket.at\/wp-content\/uploads\/2023\/03\/KOS_narocilo-Bestellformular_2023-2_3-1568x1106.jpg 1568w\" sizes=\"auto, (max-width: 1024px) 100vw, 1024px\" \/><\/a><\/figure>\n\n\n\n<div style=\"height:40px\" aria-hidden=\"true\" class=\"wp-block-spacer\"><\/div>\n\n\n\n<figure class=\"wp-block-image size-large\"><a href=\"https:\/\/www.kosbasket.at\/wp-content\/uploads\/2023\/03\/KOS_narocilo-Bestellformular_2023-2.pdf\" target=\"_blank\" rel=\"noreferrer noopener\"><img loading=\"lazy\" decoding=\"async\" width=\"1024\" height=\"723\" src=\"https:\/\/www.kosbasket.at\/wp-content\/uploads\/2023\/03\/KOS_narocilo-Bestellformular_2023-2_4-1024x723.jpg\" alt=\"\" class=\"wp-image-9235\" srcset=\"https:\/\/www.kosbasket.at\/wp-content\/uploads\/2023\/03\/KOS_narocilo-Bestellformular_2023-2_4-1024x723.jpg 1024w, https:\/\/www.kosbasket.at\/wp-content\/uploads\/2023\/03\/KOS_narocilo-Bestellformular_2023-2_4-300x212.jpg 300w, https:\/\/www.kosbasket.at\/wp-content\/uploads\/2023\/03\/KOS_narocilo-Bestellformular_2023-2_4-768x542.jpg 768w, https:\/\/www.kosbasket.at\/wp-content\/uploads\/2023\/03\/KOS_narocilo-Bestellformular_2023-2_4-1536x1084.jpg 1536w, https:\/\/www.kosbasket.at\/wp-content\/uploads\/2023\/03\/KOS_narocilo-Bestellformular_2023-2_4-2048x1445.jpg 2048w, https:\/\/www.kosbasket.at\/wp-content\/uploads\/2023\/03\/KOS_narocilo-Bestellformular_2023-2_4-1568x1106.jpg 1568w\" sizes=\"auto, (max-width: 1024px) 100vw, 1024px\" \/><\/a><\/figure>\n","protected":false},"excerpt":{"rendered":"<p>Die &#8222;KO\u0160 Kollektion&#8220; unseres Ausstatters WP-Sportswear mit Produkten der Marke CRAFT Download Bestellformular | Gr\u00f6\u00dfentabelle Bestellung mit ausgef\u00fclltem* Bestellformular per E-mail an fanshop@kosbasket.at *Tipp, mit der Option Ausf\u00fcllen &amp; Unterschreiben in Adobe Acrobat l\u00e4sst sich das Bestellformular am PC ausf\u00fcllen und muss nicht ausgedruckt werden.<\/p>\n","protected":false},"author":1,"featured_media":0,"parent":0,"menu_order":0,"comment_status":"closed","ping_status":"closed","template":"","meta":{"ngg_post_thumbnail":0,"footnotes":""},"class_list":["post-1249","page","type-page","status-publish","hentry","entry"],"_links":{"self":[{"href":"https:\/\/www.kosbasket.at\/de\/wp-json\/wp\/v2\/pages\/1249","targetHints":{"allow":["GET"]}}],"collection":[{"href":"https:\/\/www.kosbasket.at\/de\/wp-json\/wp\/v2\/pages"}],"about":[{"href":"https:\/\/www.kosbasket.at\/de\/wp-json\/wp\/v2\/types\/page"}],"author":[{"embeddable":true,"href":"https:\/\/www.kosbasket.at\/de\/wp-json\/wp\/v2\/users\/1"}],"replies":[{"embeddable":true,"href":"https:\/\/www.kosbasket.at\/de\/wp-json\/wp\/v2\/comments?post=1249"}],"version-history":[{"count":10,"href":"https:\/\/www.kosbasket.at\/de\/wp-json\/wp\/v2\/pages\/1249\/revisions"}],"predecessor-version":[{"id":9250,"href":"https:\/\/www.kosbasket.at\/de\/wp-json\/wp\/v2\/pages\/1249\/revisions\/9250"}],"wp:attachment":[{"href":"https:\/\/www.kosbasket.at\/de\/wp-json\/wp\/v2\/media?parent=1249"}],"curies":[{"name":"wp","href":"https:\/\/api.w.org\/{rel}","templated":true}]}}