{"id":139,"date":"2021-10-28T13:25:48","date_gmt":"2021-10-28T11:25:48","guid":{"rendered":"https:\/\/uat.kosbasket.at\/?page_id=139"},"modified":"2021-10-28T13:25:49","modified_gmt":"2021-10-28T11:25:49","slug":"marketing","status":"publish","type":"page","link":"https:\/\/www.kosbasket.at\/de\/marketing\/","title":{"rendered":"Marketing"},"content":{"rendered":"\n<h1 class=\"wp-block-heading\" id=\"tickets\">Tickets<\/h1>\n\n\n\n<p>Wir w\u00fcrden uns sehr freuen Sie bei unseren Heimspielen begr\u00fc\u00dfen zu d\u00fcrfen. Der Eintrittspreis betr\u00e4gt \u20ac 5,-<\/p>\n\n\n\n<p>Oder Sie sichern sich um 60,- die Saisonkarte mit exklusivem Zutritt zum VIP Bereich, Feigetr\u00e4nk und 4x pro Saison ein Abendessen oder eine andere Aktion. Sind Sie unser treuer Fan oder wollen es werden melden Sie sich um 5,- pro Monat als ordentliches Mitglied bei KO\u0160 Celovec an und ihre Saisonkarte wird jedes Jahr automatisch verl\u00e4ngert. <a href=\"http:\/\/kosbasket.at\/de\/werde-mitglied\/\">werde Mitglied<\/a><\/p>\n\n\n\n<h1 class=\"wp-block-heading\" id=\"medienanalyse\">Medienanalyse<\/h1>\n\n\n\n<h3 class=\"wp-block-heading\">Mediale Zusammenarbeit<\/h3>\n\n\n\n<p>KO\u0160 ist derzeit der gr\u00f6\u00dfte Basketballklub in K\u00e4rnten und z\u00e4hlt zu den erfolgreichsten slowenischen Sportvereinen in \u00d6sterreich. Seit der Gr\u00fcndung 1997 bis heute spielten im Verein etwa 800 aktive Basketballer. Aufgrund unserer Erfolge (K\u00e4rntner Meister 2006 und 2008, Meister der zweiten Bundesliga 2009, Meister Regionalliga Damen 2012, K\u00e4rntner Meister Damen 2014 und 20016&nbsp;sowie&nbsp;mehrfacher K\u00e4rntner Meister bei der Jugend) sowie unserer Teilnahme in der&nbsp;2. \u00d6sterreichischen Basketball Bundesliga hat KO\u0160 als potentieller Werbetr\u00e4ger f\u00fcr Sponsoren einen hohen medialen wert. Um Ihnen eine Vorstellung geben zu k\u00f6nnen ein paar Zahlen:<\/p>\n\n\n\n<figure class=\"wp-block-table\"><table><tbody><tr><td><strong>ORF Slowenisches Programm TV:<\/strong><\/td><td>200.000 TV Zuseher bei der Sendung \u00bbDober dan, Koro\u0161ka\u00ab<\/td><\/tr><tr><td><strong>KLEINE ZEITUNG:<\/strong><\/td><td>254.000 Leser \u2013 Tageszeitung (regelm\u00e4\u00dfig)<\/td><\/tr><tr><td><strong>KRONE:<\/strong><\/td><td>215.000 Leser \u2013 Tageszeitung (regelm\u00e4\u00dfig)<\/td><\/tr><tr><td><strong>NOVICE:<\/strong><\/td><td>10.000 Leser \u2013 Wochenblatt (regelm\u00e4\u00dfig)<\/td><\/tr><tr><td><strong>RADIO AGORA:<\/strong><\/td><td>Live\u00fcbertragungen auf 105,5 (nach Absprache)<\/td><\/tr><tr><td><strong>RADIO ORF:<\/strong><\/td><td>Slowenisches Programm (regelm\u00e4\u00dfig w\u00e4hrend der Saison)<\/td><\/tr><tr><td><strong>WEITERE:<\/strong><\/td><td>K\u00e4rntner Woche, Primorski dnevnik, Nedelja (gelegentlich)<\/td><\/tr><\/tbody><\/table><\/figure>\n\n\n\n<h3 class=\"wp-block-heading\">Internetportale<\/h3>\n\n\n\n<figure class=\"wp-block-table\"><table><tbody><tr><td><a href=\"http:\/\/www.basketballliga.at\/2bl\" target=\"_blank\" rel=\"noreferrer noopener\">www.basketballliga.at<\/a><\/td><td>ABL &#8211; \u00fcber 1 Million Leser j\u00e4hrlich<\/td><\/tr><tr><td><a href=\"http:\/\/www.kosarka.si\" target=\"_blank\" rel=\"noreferrer noopener\">www.kosarka.si<\/a><\/td><td>\u00fcber 3 Millionen Leser j\u00e4hrlich in Slowenien<\/td><\/tr><tr><td><a href=\"http:\/\/www.basketball-kaernten.at\" target=\"_blank\" rel=\"noreferrer noopener\">www.basketball-kaernten.at<\/a><\/td><td>K\u00e4rntner\/Osttiroler Basketballverband<\/td><\/tr><tr><td><a href=\"http:\/\/www.basketballaustria.at\" target=\"_blank\" rel=\"noreferrer noopener\">www.basketballaustria.at<\/a><\/td><td>\u00d6sterr. Basketballverband<\/td><\/tr><tr><td><a href=\"http:\/\/www.kosbasket.at\" target=\"_blank\" rel=\"noreferrer noopener\">www.kosbasket.at<\/a><\/td><td>(KO\u0160) ca. 10.000 Aufrufe pro Monat<\/td><\/tr><tr><td><a href=\"https:\/\/www.facebook.com\/kosbasket.at\" target=\"_blank\" rel=\"noreferrer noopener\">www.facebook.com\/kosbasket.at<\/a><\/td><td>(KO\u0160) Beitragsreichweite &gt; 2.000 Personen<\/td><\/tr><tr><td><a href=\"http:\/\/www.ssz.at\" target=\"_blank\" rel=\"noreferrer noopener\">www.ssz.at<\/a><\/td><td>Slowenischer Sportverband<\/td><\/tr><tr><td><a href=\"http:\/\/volksgruppen.orf.at\/slovenci\" target=\"_blank\" rel=\"noreferrer noopener\">www.slovenci.orf.at<\/a><\/td><td>ORF<\/td><\/tr><\/tbody><\/table><\/figure>\n\n\n\n<p>So hatte KO\u0160 Celovec, laut Printlisting der 2. \u00d6sterreichischen Bundesliga, in der Saison 2014\/15 nur in \u00d6sterreichischen Printmedien 127 Berichte, davon 33 Bildberichte mit einer potentiellen Sportleserreichweite von 15.500.000&nbsp;Lesern.<\/p>\n\n\n\n<h1 class=\"wp-block-heading\" id=\"sponsoring\">Sponsoring<\/h1>\n\n\n\n<p>Um uns als Werbetr\u00e4ger nutzen zu k\u00f6nnen und unseren Nachwuchs zu unterst\u00fctzen bieten wir interessierten Unternehmen und Privatpersonen verschiedenste Sponsoring M\u00f6glichkeiten.<\/p>\n\n\n\n<h3 class=\"wp-block-heading\">Hauptsponsor \u2013 GOLD PARTNER:<\/h3>\n\n\n\n<ul class=\"wp-block-list\"><li>der Name des Hauptsponsors wird dem Klubnamen beigef\u00fcgt<\/li><li>Benachrichtigung aller Mitglieder, Eltern, .. per Post und E-mail<\/li><li>Aufkleber auf der Interview Stellwand (bei TV Beitr\u00e4gen)<\/li><li>Transparent in der Halle (bei TV \u00dcbertragungen, bei allen Meisterschafts- und Freundschaftsspielen der Herren und des Nachwuchs<\/li><li>4-6 Mal pro Saison TV Beitrag in der Sendung \u00bbDober dan, Koro\u0161ka\u00ab (ca. 100.000 Zuschauer)<\/li><li>Aufkleber am Klub-Kombi (Spiele in ganz \u00d6sterreich, Slowenien, \u2026)<\/li><li>Inserate auf der Website + Link auf ihre Website<\/li><li>Aufschrift auf den Dressen<\/li><li>Inserat am Plakat f\u00fcr Heimspiele (plakatiert im Gail-, Rosen und Jauntal sowie in Klagenfurt)<\/li><li>Werbeansage in der Sporthalle<\/li><li>Werbeansage bei Livesendung im Radio AGORA<\/li><li>Inserat am Infoblatt bei Heimspielen<\/li><li>Logo des Sponsors auf dem Briefpapier<\/li><\/ul>\n\n\n\n<h3 class=\"wp-block-heading\">Sponsor \u2013 SILBER PARTNER:<\/h3>\n\n\n\n<ul class=\"wp-block-list\"><li>Benachrichtigung aller Mitglieder, Eltern, .. per Post und E-mail<\/li><li>Aufkleber auf der Interview Stellwand (bei TV Beitr\u00e4gen)<\/li><li>Transparent in der Halle (bei TV \u00dcbertragungen, bei allen Meisterschafts- und Freundschaftsspielen der Herren und des Nachwuchs<\/li><li>4-6 Mal pro Saison TV Beitrag in der Sendung \u00bbDober dan, Koro\u0161ka\u00ab (ca. 100.000 Zuschauer)<\/li><li>Aufkleber am Klub-Kombi (Spiele in ganz \u00d6sterreich, Slowenien, \u2026)<\/li><li>Inserate auf der Website + Link auf ihre Website<\/li><li>Aufschrift auf den Dressen<\/li><li>Inserat am Plakat f\u00fcr Heimspiele (plakatiert im Gail-, Rosen und Jauntal sowie in Klagenfurt)<\/li><li>Werbeansage in der Sporthalle<\/li><li>Werbeansage bei Livesendung im Radio AGORA<\/li><li>Inserat am Infoblatt bei Heimspielen<\/li><li>Logo des Sponsors auf dem Briefpapier<\/li><\/ul>\n\n\n\n<h3 class=\"wp-block-heading\">Einzelangebote<\/h3>\n\n\n\n<ul class=\"wp-block-list\"><li>Transparent in der Sporthalle (1m \u2013 5m)<\/li><li>Transparent bei TV Beitr\u00e4gen (1m \u2013 5m)<\/li><li>Aufkleber auf der Stellwand (50cm2 bis 250cm2)<\/li><li>Aufkleber am Klub-Kombi (f\u00fcr mind. 5 Jahre)<\/li><li>Inserat am Plakat (f\u00fcr mind. 3 Jahre)<\/li><li>Inserat auf der Website + Link<\/li><li>Aufschrift auf den Dressen (50cm2 bis 250cm2)<\/li><li>Aufschrift auf Trainigsgewand (50cm2 do 150cm2)<\/li><li>Webeansage bei allen Meisterschaftsspielen<\/li><li>Ballsponsor f\u00fcr ein Meisterschaftsspiel<\/li><li>Livesendungssponsor im Radio<\/li><li>Buffetsponsor<\/li><li>Produktsponsoring<\/li><\/ul>\n\n\n\n<p>Im Rahmen der Zusammenarbeit mit unseren Partnern sind auch Werbepakete nach Absprache m\u00f6glich. F\u00fcr eine optimale Zusammenarbeit ihrer Firma mit KO\u0160 Celovec k\u00f6nnen Sie sich mit unserem Obmann Mag. Miha Seher oder unserem Sportdirektor Mag. Stefan Hribar in Verbindung setzen.<\/p>\n\n\n\n<h3 class=\"wp-block-heading\">Bonus<\/h3>\n\n\n\n<p>Alle Sponsoren werden auf unserer Website <a href=\"http:\/\/www.kosbasket.at\" target=\"_blank\" rel=\"noreferrer noopener\">www.kosbasket.at<\/a> und\/oder unserer Facebookpage <a href=\"https:\/\/www.facebook.com\/kosbasket.at\" target=\"_blank\" rel=\"noreferrer noopener\">www.facebook.com\/kosbasket.at<\/a> erw\u00e4hnt, sowie auch auf dem Infoblatt in der&nbsp;Sporthalle.<\/p>\n\n\n\n<h3 class=\"wp-block-heading\">Andere M\u00f6glichkeiten<\/h3>\n\n\n\n<ul class=\"wp-block-list\"><li>Materialsponsoring (Shirts, Buffet, Preise,&#8230;)<\/li><li>Mediensponsoring (Inserat, Bildbeitr\u00e4ge,&#8230;)<\/li><\/ul>\n\n\n\n<p>Sollten Sie Interesse an einem konkreten Angebot haben wenden Sie sich gerne an <a href=\"mailto:office@kosbasket.at\">office@kosbasket.at<\/a> oder an ein Vorstandsmitglied.<\/p>\n\n\n\n<h3 class=\"wp-block-heading\">Bankverbindung<\/h3>\n\n\n\n<p>Posojilnica Bank eGen<\/p>\n\n\n\n<p>Paulitschgasse 5-7, 9020&nbsp;Klagenfurt a.W.<\/p>\n\n\n\n<p>IBAN:&nbsp;AT91 3910 0000 0305 9961<\/p>\n\n\n\n<p>BIC: VSGKAT2K<\/p>\n","protected":false},"excerpt":{"rendered":"<p>Tickets Wir w\u00fcrden uns sehr freuen Sie bei unseren Heimspielen begr\u00fc\u00dfen zu d\u00fcrfen. Der Eintrittspreis betr\u00e4gt \u20ac 5,- Oder Sie sichern sich um 60,- die Saisonkarte mit exklusivem Zutritt zum VIP Bereich, Feigetr\u00e4nk und 4x pro Saison ein Abendessen oder eine andere Aktion. Sind Sie unser treuer Fan oder wollen es werden melden Sie sich&hellip; <a class=\"more-link\" href=\"https:\/\/www.kosbasket.at\/de\/marketing\/\"><span class=\"screen-reader-text\">Marketing<\/span> weiterlesen<\/a><\/p>\n","protected":false},"author":1,"featured_media":0,"parent":0,"menu_order":0,"comment_status":"closed","ping_status":"closed","template":"","meta":{"ngg_post_thumbnail":0,"footnotes":""},"class_list":["post-139","page","type-page","status-publish","hentry","entry"],"_links":{"self":[{"href":"https:\/\/www.kosbasket.at\/de\/wp-json\/wp\/v2\/pages\/139","targetHints":{"allow":["GET"]}}],"collection":[{"href":"https:\/\/www.kosbasket.at\/de\/wp-json\/wp\/v2\/pages"}],"about":[{"href":"https:\/\/www.kosbasket.at\/de\/wp-json\/wp\/v2\/types\/page"}],"author":[{"embeddable":true,"href":"https:\/\/www.kosbasket.at\/de\/wp-json\/wp\/v2\/users\/1"}],"replies":[{"embeddable":true,"href":"https:\/\/www.kosbasket.at\/de\/wp-json\/wp\/v2\/comments?post=139"}],"version-history":[{"count":1,"href":"https:\/\/www.kosbasket.at\/de\/wp-json\/wp\/v2\/pages\/139\/revisions"}],"predecessor-version":[{"id":140,"href":"https:\/\/www.kosbasket.at\/de\/wp-json\/wp\/v2\/pages\/139\/revisions\/140"}],"wp:attachment":[{"href":"https:\/\/www.kosbasket.at\/de\/wp-json\/wp\/v2\/media?parent=139"}],"curies":[{"name":"wp","href":"https:\/\/api.w.org\/{rel}","templated":true}]}}