{"id":124,"date":"2021-10-28T10:57:11","date_gmt":"2021-10-28T08:57:11","guid":{"rendered":"https:\/\/uat.kosbasket.at\/?page_id=124"},"modified":"2022-11-13T20:12:16","modified_gmt":"2022-11-13T19:12:16","slug":"klub","status":"publish","type":"page","link":"https:\/\/www.kosbasket.at\/sl\/klub\/","title":{"rendered":"Klub"},"content":{"rendered":"\n<h1 class=\"wp-block-heading\" id=\"geschichte-leitbild\">zgodovina in zgled<\/h1>\n\n\n\n<p>Ko\u0161arkarski \u0161olski klub KO\u0160 Celovec \u0161teje na Koro\u0161kem med najuglednej\u0161e in najuspe\u0161nej\u0161e \u0161portne klube. Ponesel je ko\u0161arkarski \u0161port med na\u0161o mladino in pomagal pri popularizaciji tega \u0161porta na Koro\u0161kem. S \u0161tirinajstimi ekipami \u2013 enajst mladinskih ekip, dve mo\u0161ki ekipi, ena v koro\u0161ki ligi in ena v drugi zvezni ligi, ter \u017eenska ekipa, ki igra v prvi zvezni ligi ter v Extra Ligi \u2013 se KO\u0160 uvr\u0161\u010da med \u0161tevil\u010dno najmo\u010dnej\u0161e klube koro\u0161kih Slovencev ter na Koro\u0161kem nasploh. Dan za dnem se v klubu ukvarja s ko\u0161arko okoli 140 nadebudnih \u0161portnikov in \u0161portnic.<\/p>\n\n\n\n<p>KO\u0160 Celovec ne dosega samo zastavljenih vrhunskih \u0161portnih ciljev (koro\u0161ki prvak 2006 in 2008, avstrijski prvak 2. zvezne lige 2009, koro\u0161ki prvaki v mlaj\u0161ih kategorijah), ampak izvr\u0161uje tudi \u017elahtno in pomembno nalogo, da utrjuje s slovensko govore\u010dimi trenerji v mladih zavest, da je slovenski jezik in dvojezi\u010dnost neprecenljiva vrednost v dru\u017ebenem \u017eivljenju in da je slovenski jezik na Koro\u0161kem enakopraven jeziku ve\u010dinskega naroda.<\/p>\n\n\n\n<p>KO\u0160 Celovec je na Slovenski gimnaziji in na Dvojezi\u010dni trgovski akademiji v Celovcu prevzel va\u017eno funkcijo posrednika in organizatorja \u0161portnih dejavnosti v obliki neobveznih vaj \u2013 ko\u0161arka, ki bi jih morala financirati dr\u017eava. Tega se dobro zavedajo tudi KO\u0160-evi sponzorji in donatorji, ki jim gre velika zahvala za pomo\u010d pri tem delovanju. Ob vpra\u0161anju realizacije \u0161portne dvorane pri ZG\/ZRG za Slovence in Dvojezi\u010dni zvezni trgovski akademiji, ki naj bi bila zgrajena ob sanaciji poslopja obeh \u0161ol, pa se zdi, da je KO\u0160 s svojo uspe\u0161no dejavnostjo \u00bbtrn v peti\u00ab merodajnim koro\u0161kim politikom. Le-ti z vehementnimi izgovori sku\u0161ajo prepre\u010diti gradnjo \u0161portne dvorane, ki bi lahko slu\u017eila modernemu pristopu pri pou\u010devanju \u0161porta, velikim de\u017eelnim in zveznim \u0161olsko \u0161portnim prireditvam, ko\u0161arkarskemu in drugemu \u0161portu na najvi\u0161jem zveznem nivoju, pa tudi ostalim \u0161olskim in kulturnim prireditvam.<\/p>\n\n\n\n<p>KO\u0160ev \u00bbdom\u00ab je v vseh letih delovanja \u2013 od 1988 leta do danes \u2013 Mladinski dom Slovenskega \u0161olskega dru\u0161tva, ki nudi mladim ko\u0161arkarjem vsakovrstno pomo\u010d in infrastrukturo za treninge in prvenstvene tekme. Od sezone 2011\/12 pa tekme in treningi ekip potekajo tudi v \u0161portni dvorani \u0160entpeter v Celovcu. Ustanovni predsednik KO\u0160a je bil nekdanji ravnatelj Slovenske gimnazije <strong>mag. Ton\u010d Malle<\/strong>. Njemu pa je sledil <strong>Danilo Pru\u0161nik<\/strong>, ki je po 11 letih predsedni\u0161tva v sezoni 2012\/13 predal funkcijo <strong>mag. Mihiju Seherju<\/strong>.<\/p>\n\n\n\n<p><\/p>\n\n\n\n<div style=\"height:100px\" aria-hidden=\"true\" class=\"wp-block-spacer\"><\/div>\n\n\n\n<h1 class=\"wp-block-heading\" id=\"vorstand\">odbor<\/h1>\n\n\n\n<p><\/p>\n\n\n\n<div class=\"wp-block-columns is-layout-flex wp-container-core-columns-is-layout-9d6595d7 wp-block-columns-is-layout-flex\">\n<div class=\"wp-block-column is-layout-flow wp-block-column-is-layout-flow\">\n<figure class=\"wp-block-image size-full\"><img loading=\"lazy\" decoding=\"async\" width=\"600\" height=\"600\" src=\"https:\/\/www.kosbasket.at\/wp-content\/uploads\/2021\/10\/Miha-Seher.jpg\" alt=\"\" class=\"wp-image-68\" srcset=\"https:\/\/www.kosbasket.at\/wp-content\/uploads\/2021\/10\/Miha-Seher.jpg 600w, https:\/\/www.kosbasket.at\/wp-content\/uploads\/2021\/10\/Miha-Seher-300x300.jpg 300w, https:\/\/www.kosbasket.at\/wp-content\/uploads\/2021\/10\/Miha-Seher-150x150.jpg 150w\" sizes=\"auto, (max-width: 600px) 100vw, 600px\" \/><\/figure>\n\n\n\n<p class=\"has-central-palette-1-color has-text-color\"><strong>Predsednik<\/strong><\/p>\n\n\n\n<p class=\"has-black-color has-text-color\">Mag. Michael Seher<br><a href=\"mailto:m.seher@kosbasket.at\">m.seher@kosbasket.at<\/a><br>Tel: +43650\/2505486<\/p>\n<\/div>\n\n\n\n<div class=\"wp-block-column is-layout-flow wp-block-column-is-layout-flow\">\n<figure class=\"wp-block-image size-full\"><img loading=\"lazy\" decoding=\"async\" width=\"600\" height=\"600\" src=\"https:\/\/www.kosbasket.at\/wp-content\/uploads\/2021\/10\/Marcell-Smolej.jpg\" alt=\"\" class=\"wp-image-62\" srcset=\"https:\/\/www.kosbasket.at\/wp-content\/uploads\/2021\/10\/Marcell-Smolej.jpg 600w, https:\/\/www.kosbasket.at\/wp-content\/uploads\/2021\/10\/Marcell-Smolej-300x300.jpg 300w, https:\/\/www.kosbasket.at\/wp-content\/uploads\/2021\/10\/Marcell-Smolej-150x150.jpg 150w\" sizes=\"auto, (max-width: 600px) 100vw, 600px\" \/><\/figure>\n\n\n\n<p class=\"has-central-palette-1-color has-text-color\"><strong>Podpredsednik<\/strong><\/p>\n\n\n\n<p>Mag. Marcell Smolej<br><a href=\"mailto:m.smolej@kosbasket.at\">m.smolej@kosbasket.at<\/a><br>Tel: +43660\/8301111<\/p>\n<\/div>\n\n\n\n<div class=\"wp-block-column is-layout-flow wp-block-column-is-layout-flow\">\n<figure class=\"wp-block-image size-full\"><img loading=\"lazy\" decoding=\"async\" width=\"599\" height=\"600\" src=\"https:\/\/www.kosbasket.at\/wp-content\/uploads\/2021\/10\/Stefan-Hribar-1.jpg\" alt=\"\" class=\"wp-image-72\" srcset=\"https:\/\/www.kosbasket.at\/wp-content\/uploads\/2021\/10\/Stefan-Hribar-1.jpg 599w, https:\/\/www.kosbasket.at\/wp-content\/uploads\/2021\/10\/Stefan-Hribar-1-300x300.jpg 300w, https:\/\/www.kosbasket.at\/wp-content\/uploads\/2021\/10\/Stefan-Hribar-1-150x150.jpg 150w\" sizes=\"auto, (max-width: 599px) 100vw, 599px\" \/><\/figure>\n\n\n\n<p class=\"has-central-palette-1-color has-text-color\"><strong>\u0160portni vodja<\/strong><\/p>\n\n\n\n<p>Mag. Stefan Hribar<br><a href=\"mailto:s.hribar@kosbasket.at\">s.hribar@kosbasket.at<\/a><br>Tel: +43650\/2603755<\/p>\n<\/div>\n<\/div>\n\n\n\n<div class=\"wp-block-columns is-layout-flex wp-container-core-columns-is-layout-9d6595d7 wp-block-columns-is-layout-flex\">\n<div class=\"wp-block-column is-layout-flow wp-block-column-is-layout-flow\">\n<figure class=\"wp-block-image size-full\"><img loading=\"lazy\" decoding=\"async\" width=\"600\" height=\"600\" src=\"https:\/\/www.kosbasket.at\/wp-content\/uploads\/2021\/10\/Gigi-Nadrag-Blajs.jpg\" alt=\"\" class=\"wp-image-58\" srcset=\"https:\/\/www.kosbasket.at\/wp-content\/uploads\/2021\/10\/Gigi-Nadrag-Blajs.jpg 600w, https:\/\/www.kosbasket.at\/wp-content\/uploads\/2021\/10\/Gigi-Nadrag-Blajs-300x300.jpg 300w, https:\/\/www.kosbasket.at\/wp-content\/uploads\/2021\/10\/Gigi-Nadrag-Blajs-150x150.jpg 150w\" sizes=\"auto, (max-width: 600px) 100vw, 600px\" \/><\/figure>\n\n\n\n<p class=\"has-central-palette-1-color has-text-color\"><strong>Blagajni\u010darka<\/strong><\/p>\n\n\n\n<p class=\"has-black-color has-text-color\">Gerlinde Nadrag-Blajs<br><a href=\"mailto:g.nadrag-blajs@kosbasket.at\">g.nadrag-blajs@kosbasket.at<\/a><br>Tel: +43463\/35651<\/p>\n<\/div>\n\n\n\n<div class=\"wp-block-column is-layout-flow wp-block-column-is-layout-flow\">\n<figure class=\"wp-block-image size-full\"><img loading=\"lazy\" decoding=\"async\" width=\"599\" height=\"600\" src=\"https:\/\/www.kosbasket.at\/wp-content\/uploads\/2021\/10\/Jana-Velik-2.jpg\" alt=\"\" class=\"wp-image-60\" srcset=\"https:\/\/www.kosbasket.at\/wp-content\/uploads\/2021\/10\/Jana-Velik-2.jpg 599w, https:\/\/www.kosbasket.at\/wp-content\/uploads\/2021\/10\/Jana-Velik-2-300x300.jpg 300w, https:\/\/www.kosbasket.at\/wp-content\/uploads\/2021\/10\/Jana-Velik-2-150x150.jpg 150w\" sizes=\"auto, (max-width: 599px) 100vw, 599px\" \/><\/figure>\n\n\n\n<p class=\"has-central-palette-1-color has-text-color\"><strong>Tajnica<\/strong><\/p>\n\n\n\n<p>Jana Velik<br><a href=\"mailto:j.velik@kosbasket.at\">j.velik@kosbasket.at<\/a><br>Tel: +43650\/7413973<\/p>\n<\/div>\n\n\n\n<div class=\"wp-block-column is-layout-flow wp-block-column-is-layout-flow\">\n<figure class=\"wp-block-image size-full\"><img loading=\"lazy\" decoding=\"async\" width=\"600\" height=\"600\" src=\"https:\/\/www.kosbasket.at\/wp-content\/uploads\/2021\/10\/Martin-Greiner.jpg\" alt=\"\" class=\"wp-image-66\" srcset=\"https:\/\/www.kosbasket.at\/wp-content\/uploads\/2021\/10\/Martin-Greiner.jpg 600w, https:\/\/www.kosbasket.at\/wp-content\/uploads\/2021\/10\/Martin-Greiner-300x300.jpg 300w, https:\/\/www.kosbasket.at\/wp-content\/uploads\/2021\/10\/Martin-Greiner-150x150.jpg 150w\" sizes=\"auto, (max-width: 600px) 100vw, 600px\" \/><\/figure>\n\n\n\n<p class=\"has-central-palette-1-color has-text-color\"><strong>Nam. blagajni\u010darke<\/strong><\/p>\n\n\n\n<p>Martin Greiner<br><a href=\"mailto:m.greiner@kosbasket.at\">m.greiner@kosbasket.at<\/a><br>Tel:&nbsp;+43660\/5496961<\/p>\n<\/div>\n<\/div>\n\n\n\n<div class=\"wp-block-columns is-layout-flex wp-container-core-columns-is-layout-9d6595d7 wp-block-columns-is-layout-flex\">\n<div class=\"wp-block-column is-layout-flow wp-block-column-is-layout-flow\">\n<figure class=\"wp-block-image size-full\"><img loading=\"lazy\" decoding=\"async\" width=\"600\" height=\"600\" src=\"https:\/\/www.kosbasket.at\/wp-content\/uploads\/2021\/10\/Rafi_Mistelbauer.jpg\" alt=\"\" class=\"wp-image-70\" srcset=\"https:\/\/www.kosbasket.at\/wp-content\/uploads\/2021\/10\/Rafi_Mistelbauer.jpg 600w, https:\/\/www.kosbasket.at\/wp-content\/uploads\/2021\/10\/Rafi_Mistelbauer-300x300.jpg 300w, https:\/\/www.kosbasket.at\/wp-content\/uploads\/2021\/10\/Rafi_Mistelbauer-150x150.jpg 150w\" sizes=\"auto, (max-width: 600px) 100vw, 600px\" \/><\/figure>\n\n\n\n<p class=\"has-central-palette-1-color has-text-color\"><strong>Nam. tajnice<\/strong><\/p>\n\n\n\n<p class=\"has-black-color has-text-color\">Rafael Mistelbauer<br><a href=\"mailto:r.mistelbauer@kosbasket.at\">r.mistelbauer@kosbasket.at<\/a><br>Tel: +43660\/8301111<\/p>\n<\/div>\n\n\n\n<div class=\"wp-block-column is-layout-flow wp-block-column-is-layout-flow\">\n<figure class=\"wp-block-image size-full\"><img loading=\"lazy\" decoding=\"async\" width=\"600\" height=\"600\" src=\"https:\/\/www.kosbasket.at\/wp-content\/uploads\/2021\/10\/12-Patricia-Struhar.jpg\" alt=\"\" class=\"wp-image-56\" srcset=\"https:\/\/www.kosbasket.at\/wp-content\/uploads\/2021\/10\/12-Patricia-Struhar.jpg 600w, https:\/\/www.kosbasket.at\/wp-content\/uploads\/2021\/10\/12-Patricia-Struhar-300x300.jpg 300w, https:\/\/www.kosbasket.at\/wp-content\/uploads\/2021\/10\/12-Patricia-Struhar-150x150.jpg 150w\" sizes=\"auto, (max-width: 600px) 100vw, 600px\" \/><\/figure>\n\n\n\n<p class=\"has-central-palette-1-color has-text-color\"><strong>\u0160portni vodja \u010dlanice<\/strong><\/p>\n\n\n\n<p>Patricia Struhar<br><a href=\"mailto:p.struhar@kosbasket.at\">p.struhar@kosbasket.at<\/a><br>Tel: +43664\/4096469<\/p>\n<\/div>\n\n\n\n<div class=\"wp-block-column is-layout-flow wp-block-column-is-layout-flow\">\n<p class=\"has-central-palette-1-color has-text-color\"><\/p>\n\n\n\n<p><\/p>\n<\/div>\n<\/div>\n\n\n\n<div style=\"height:100px\" aria-hidden=\"true\" class=\"wp-block-spacer\"><\/div>\n\n\n\n<h1 class=\"wp-block-heading\" id=\"trainer\">trenerji<\/h1>\n\n\n\n<div class=\"wp-block-columns is-layout-flex wp-container-core-columns-is-layout-9d6595d7 wp-block-columns-is-layout-flex\">\n<div class=\"wp-block-column is-layout-flow wp-block-column-is-layout-flow\">\n<figure class=\"wp-block-image size-full\"><img loading=\"lazy\" decoding=\"async\" width=\"599\" height=\"600\" src=\"https:\/\/www.kosbasket.at\/wp-content\/uploads\/2022\/04\/Rok-Heiligstein-1.jpg\" alt=\"\" class=\"wp-image-7647\" srcset=\"https:\/\/www.kosbasket.at\/wp-content\/uploads\/2022\/04\/Rok-Heiligstein-1.jpg 599w, https:\/\/www.kosbasket.at\/wp-content\/uploads\/2022\/04\/Rok-Heiligstein-1-300x300.jpg 300w, https:\/\/www.kosbasket.at\/wp-content\/uploads\/2022\/04\/Rok-Heiligstein-1-150x150.jpg 150w\" sizes=\"auto, (max-width: 599px) 100vw, 599px\" \/><\/figure>\n\n\n\n<p class=\"has-central-palette-1-color has-text-color\"><strong>Rok Heiligstein<\/strong><\/p>\n\n\n\n<p>B2L, MU19<\/p>\n\n\n\n<p><\/p>\n<\/div>\n\n\n\n<div class=\"wp-block-column is-layout-flow wp-block-column-is-layout-flow\">\n<figure class=\"wp-block-image size-full\"><img loading=\"lazy\" decoding=\"async\" width=\"599\" height=\"600\" src=\"https:\/\/www.kosbasket.at\/wp-content\/uploads\/2021\/10\/Stefan_Hribar.jpg\" alt=\"\" class=\"wp-image-101\" srcset=\"https:\/\/www.kosbasket.at\/wp-content\/uploads\/2021\/10\/Stefan_Hribar.jpg 599w, https:\/\/www.kosbasket.at\/wp-content\/uploads\/2021\/10\/Stefan_Hribar-300x300.jpg 300w, https:\/\/www.kosbasket.at\/wp-content\/uploads\/2021\/10\/Stefan_Hribar-150x150.jpg 150w\" sizes=\"auto, (max-width: 599px) 100vw, 599px\" \/><\/figure>\n\n\n\n<p class=\"has-central-palette-1-color has-text-color\"><strong>Mag. Stefan Hribar<\/strong><\/p>\n\n\n\n<p>B2L<br><a href=\"mailto:s.hribar@kosbasket.at\">s.hribar@kosbasket.at<\/a><br>Tel: +43650\/2603755<\/p>\n<\/div>\n\n\n\n<div class=\"wp-block-column is-layout-flow wp-block-column-is-layout-flow\">\n<figure class=\"wp-block-image size-full\"><img loading=\"lazy\" decoding=\"async\" width=\"600\" height=\"600\" src=\"https:\/\/www.kosbasket.at\/wp-content\/uploads\/2022\/11\/Martin-Greiner.jpg\" alt=\"\" class=\"wp-image-8701\" srcset=\"https:\/\/www.kosbasket.at\/wp-content\/uploads\/2022\/11\/Martin-Greiner.jpg 600w, https:\/\/www.kosbasket.at\/wp-content\/uploads\/2022\/11\/Martin-Greiner-300x300.jpg 300w, https:\/\/www.kosbasket.at\/wp-content\/uploads\/2022\/11\/Martin-Greiner-150x150.jpg 150w\" sizes=\"auto, (max-width: 600px) 100vw, 600px\" \/><\/figure>\n\n\n\n<p class=\"has-central-palette-1-color has-text-color\">Jaka \u0160iberle<\/p>\n\n\n\n<p>BDSL, MU16<\/p>\n<\/div>\n<\/div>\n\n\n\n<div class=\"wp-block-columns is-layout-flex wp-container-core-columns-is-layout-9d6595d7 wp-block-columns-is-layout-flex\">\n<div class=\"wp-block-column is-layout-flow wp-block-column-is-layout-flow\">\n<figure class=\"wp-block-image size-full\"><img loading=\"lazy\" decoding=\"async\" width=\"600\" height=\"600\" src=\"https:\/\/www.kosbasket.at\/wp-content\/uploads\/2021\/10\/Marcell-Smolej-1.jpg\" alt=\"\" class=\"wp-image-95\" srcset=\"https:\/\/www.kosbasket.at\/wp-content\/uploads\/2021\/10\/Marcell-Smolej-1.jpg 600w, https:\/\/www.kosbasket.at\/wp-content\/uploads\/2021\/10\/Marcell-Smolej-1-300x300.jpg 300w, https:\/\/www.kosbasket.at\/wp-content\/uploads\/2021\/10\/Marcell-Smolej-1-150x150.jpg 150w\" sizes=\"auto, (max-width: 600px) 100vw, 600px\" \/><\/figure>\n\n\n\n<p class=\"has-central-palette-1-color has-text-color\"><strong>Mag. Marcell Smolej<\/strong><\/p>\n\n\n\n<p>Hobby, MU14<br><a href=\"mailto:m.smolej@kosbasket.at\">m.smolej@kosbasket.at<\/a><br>Tel: +43660\/8301111<\/p>\n<\/div>\n\n\n\n<div class=\"wp-block-column is-layout-flow wp-block-column-is-layout-flow\">\n<figure class=\"wp-block-image size-full\"><img loading=\"lazy\" decoding=\"async\" width=\"600\" height=\"600\" src=\"https:\/\/www.kosbasket.at\/wp-content\/uploads\/2021\/10\/Miha-Seher-1.jpg\" alt=\"\" class=\"wp-image-97\" srcset=\"https:\/\/www.kosbasket.at\/wp-content\/uploads\/2021\/10\/Miha-Seher-1.jpg 600w, https:\/\/www.kosbasket.at\/wp-content\/uploads\/2021\/10\/Miha-Seher-1-300x300.jpg 300w, https:\/\/www.kosbasket.at\/wp-content\/uploads\/2021\/10\/Miha-Seher-1-150x150.jpg 150w\" sizes=\"auto, (max-width: 600px) 100vw, 600px\" \/><\/figure>\n\n\n\n<p class=\"has-central-palette-1-color has-text-color\"><strong>Mag. Michael Seher<\/strong><\/p>\n\n\n\n<p><a href=\"mailto:s.hribar@kosbasket.at\">XU10<br><\/a><a href=\"mailto:m.seher@kosbasket.at\">m.seher@kosbasket.at<\/a><br>Tel: +43650\/2505486<\/p>\n<\/div>\n\n\n\n<div class=\"wp-block-column is-layout-flow wp-block-column-is-layout-flow\">\n<figure class=\"wp-block-image size-full\"><img loading=\"lazy\" decoding=\"async\" width=\"599\" height=\"600\" src=\"https:\/\/www.kosbasket.at\/wp-content\/uploads\/2021\/10\/Andi-Smrtnik.jpg\" alt=\"\" class=\"wp-image-83\" srcset=\"https:\/\/www.kosbasket.at\/wp-content\/uploads\/2021\/10\/Andi-Smrtnik.jpg 599w, https:\/\/www.kosbasket.at\/wp-content\/uploads\/2021\/10\/Andi-Smrtnik-300x300.jpg 300w, https:\/\/www.kosbasket.at\/wp-content\/uploads\/2021\/10\/Andi-Smrtnik-150x150.jpg 150w\" sizes=\"auto, (max-width: 599px) 100vw, 599px\" \/><\/figure>\n\n\n\n<p class=\"has-central-palette-1-color has-text-color\"><strong>Andi Smrtnik<\/strong><br><a href=\"mailto:d.sliskovic@kosbasket.at\">XU12<br><\/a><a href=\"mailto:a.smrtnik@kosbasket.at\">a.smrtnik@kosbasket.at<\/a><br>Tel: +43664\/4611944<\/p>\n<\/div>\n<\/div>\n\n\n\n<div class=\"wp-block-columns is-layout-flex wp-container-core-columns-is-layout-9d6595d7 wp-block-columns-is-layout-flex\">\n<div class=\"wp-block-column is-layout-flow wp-block-column-is-layout-flow\">\n<figure class=\"wp-block-image size-full\"><img loading=\"lazy\" decoding=\"async\" width=\"600\" height=\"600\" src=\"https:\/\/www.kosbasket.at\/wp-content\/uploads\/2021\/10\/Rafi_Mistelbauer-1.jpg\" alt=\"\" class=\"wp-image-99\" srcset=\"https:\/\/www.kosbasket.at\/wp-content\/uploads\/2021\/10\/Rafi_Mistelbauer-1.jpg 600w, https:\/\/www.kosbasket.at\/wp-content\/uploads\/2021\/10\/Rafi_Mistelbauer-1-300x300.jpg 300w, https:\/\/www.kosbasket.at\/wp-content\/uploads\/2021\/10\/Rafi_Mistelbauer-1-150x150.jpg 150w\" sizes=\"auto, (max-width: 600px) 100vw, 600px\" \/><\/figure>\n\n\n\n<p class=\"has-central-palette-1-color has-text-color\"><strong>Rafael Mistelbauer<\/strong><\/p>\n\n\n\n<p>XU14<br><a href=\"mailto:s.rauter@kosbasket.at\">r.mistelbauer@kosbasket.at<\/a><br>Tel: +43664\/1985398<\/p>\n<\/div>\n\n\n\n<div class=\"wp-block-column is-layout-flow wp-block-column-is-layout-flow\">\n<p class=\"has-central-palette-1-color has-text-color\"><\/p>\n<\/div>\n\n\n\n<div class=\"wp-block-column is-layout-flow wp-block-column-is-layout-flow\">\n<p class=\"has-central-palette-1-color has-text-color\"><\/p>\n<\/div>\n<\/div>\n\n\n\n<div style=\"height:100px\" aria-hidden=\"true\" class=\"wp-block-spacer\"><\/div>\n\n\n\n<h1 class=\"wp-block-heading\" id=\"physiotherapie\">kondicijski trening<\/h1>\n\n\n\n<div class=\"wp-block-columns is-layout-flex wp-container-core-columns-is-layout-9d6595d7 wp-block-columns-is-layout-flex\">\n<div class=\"wp-block-column is-layout-flow wp-block-column-is-layout-flow\">\n<figure class=\"wp-block-image size-full\"><img loading=\"lazy\" decoding=\"async\" width=\"599\" height=\"600\" src=\"https:\/\/www.kosbasket.at\/wp-content\/uploads\/2022\/04\/razdevsek.jpg\" alt=\"\" class=\"wp-image-7625\" srcset=\"https:\/\/www.kosbasket.at\/wp-content\/uploads\/2022\/04\/razdevsek.jpg 599w, https:\/\/www.kosbasket.at\/wp-content\/uploads\/2022\/04\/razdevsek-300x300.jpg 300w, https:\/\/www.kosbasket.at\/wp-content\/uploads\/2022\/04\/razdevsek-150x150.jpg 150w\" sizes=\"auto, (max-width: 599px) 100vw, 599px\" \/><\/figure>\n\n\n\n<p class=\"has-central-palette-1-color has-text-color\"><strong>Rok Razdev\u0161ek<\/strong><\/p>\n\n\n\n<p>&nbsp;<\/p>\n<\/div>\n\n\n\n<div class=\"wp-block-column is-layout-flow wp-block-column-is-layout-flow\"><\/div>\n\n\n\n<div class=\"wp-block-column is-layout-flow wp-block-column-is-layout-flow\"><\/div>\n<\/div>\n\n\n\n<div style=\"height:100px\" aria-hidden=\"true\" class=\"wp-block-spacer\"><\/div>\n\n\n\n<div class=\"wp-block-columns is-layout-flex wp-container-core-columns-is-layout-9d6595d7 wp-block-columns-is-layout-flex\">\n<div class=\"wp-block-column is-layout-flow wp-block-column-is-layout-flow\">\n<h2 class=\"has-central-palette-1-color has-text-color wp-block-heading\" id=\"kontakt\">kontakt<\/h2>\n\n\n\n<p>KO\u0160 CelovecMikschallee 4&nbsp;\u00b7 9020 Klagenfurt am W\u00f6rthersee<br>E-Mail: <a href=\"mailto:office@kosbasket.at\">office@kosbasket.at<\/a><br>Tel: +43463\/35651<br>Web: <a href=\"http:\/\/www.kosbasket.at\">www.kosbasket.at<\/a><br>&nbsp;<br>IBAN:&nbsp;AT91 3910 0000 0305 9961BIC:&nbsp;VSGKAT2K<\/p>\n<\/div>\n\n\n\n<div class=\"wp-block-column is-layout-flow wp-block-column-is-layout-flow\">\n<h2 class=\"has-central-palette-1-color has-text-color wp-block-heading\" id=\"impressum\">impresum<\/h2>\n\n\n\n<p>KO\u0160 CelovecSchulbasketballklub am BG u. BRG F\u00fcr Slowenen<br>und an der Zweisprachigen BHAK in Klagenfurt<br>ZVR-Zl.: 068105420<br>Mikschallee 4&nbsp;\u00b7 9020 Klagenfurt am W\u00f6rthersee<br>E-Mail: <a href=\"mailto:office@kosbasket.at\">office@kosbasket.at<\/a><br>Tel: +43463\/35651<br>Web: <a href=\"http:\/\/www.kosbasket.at\">www.kosbasket.at<\/a><\/p>\n<\/div>\n<\/div>\n","protected":false},"excerpt":{"rendered":"<p>zgodovina in zgled Ko\u0161arkarski \u0161olski klub KO\u0160 Celovec \u0161teje na Koro\u0161kem med najuglednej\u0161e in najuspe\u0161nej\u0161e \u0161portne klube. Ponesel je ko\u0161arkarski \u0161port med na\u0161o mladino in pomagal pri popularizaciji tega \u0161porta na Koro\u0161kem. S \u0161tirinajstimi ekipami \u2013 enajst mladinskih ekip, dve mo\u0161ki ekipi, ena v koro\u0161ki ligi in ena v drugi zvezni ligi, ter \u017eenska ekipa,&hellip; <a class=\"more-link\" href=\"https:\/\/www.kosbasket.at\/sl\/klub\/\">Nadaljuj z branjem <span class=\"screen-reader-text\">Klub<\/span><\/a><\/p>\n","protected":false},"author":1,"featured_media":0,"parent":0,"menu_order":0,"comment_status":"closed","ping_status":"closed","template":"","meta":{"ngg_post_thumbnail":0,"footnotes":""},"class_list":["post-124","page","type-page","status-publish","hentry","entry"],"_links":{"self":[{"href":"https:\/\/www.kosbasket.at\/sl\/wp-json\/wp\/v2\/pages\/124","targetHints":{"allow":["GET"]}}],"collection":[{"href":"https:\/\/www.kosbasket.at\/sl\/wp-json\/wp\/v2\/pages"}],"about":[{"href":"https:\/\/www.kosbasket.at\/sl\/wp-json\/wp\/v2\/types\/page"}],"author":[{"embeddable":true,"href":"https:\/\/www.kosbasket.at\/sl\/wp-json\/wp\/v2\/users\/1"}],"replies":[{"embeddable":true,"href":"https:\/\/www.kosbasket.at\/sl\/wp-json\/wp\/v2\/comments?post=124"}],"version-history":[{"count":10,"href":"https:\/\/www.kosbasket.at\/sl\/wp-json\/wp\/v2\/pages\/124\/revisions"}],"predecessor-version":[{"id":11974,"href":"https:\/\/www.kosbasket.at\/sl\/wp-json\/wp\/v2\/pages\/124\/revisions\/11974"}],"wp:attachment":[{"href":"https:\/\/www.kosbasket.at\/sl\/wp-json\/wp\/v2\/media?parent=124"}],"curies":[{"name":"wp","href":"https:\/\/api.w.org\/{rel}","templated":true}]}}